{"id":8238,"date":"2024-10-02T11:44:25","date_gmt":"2024-10-02T11:44:25","guid":{"rendered":"https:\/\/promo.altegio.cloud\/?page_id=8238"},"modified":"2024-10-08T13:19:17","modified_gmt":"2024-10-08T13:19:17","slug":"stand-with-ukraine","status":"publish","type":"page","link":"https:\/\/promo.altegio.cloud\/pt\/stand-with-ukraine\/","title":{"rendered":"Stand with Ukraine"},"content":{"rendered":"<div data-elementor-type=\"wp-page\" data-elementor-id=\"8238\" class=\"elementor elementor-8238\" data-elementor-post-type=\"page\">\n\t\t\t\t<div class=\"elementor-element elementor-element-3c9789d e-flex e-con-boxed e-con e-parent\" data-id=\"3c9789d\" data-element_type=\"container\" data-e-type=\"container\" data-settings=\"{&quot;background_background&quot;:&quot;classic&quot;}\">\n\t\t\t\t\t<div class=\"e-con-inner\">\n\t\t<div class=\"elementor-element elementor-element-d2b59a9 e-con-full e-flex e-con e-child\" data-id=\"d2b59a9\" data-element_type=\"container\" data-e-type=\"container\">\n\t\t\t\t<div class=\"elementor-element elementor-element-92273cd elementor-widget__width-initial elementor-widget elementor-widget-image\" data-id=\"92273cd\" data-element_type=\"widget\" data-e-type=\"widget\" data-widget_type=\"image.default\">\n\t\t\t\t<div class=\"elementor-widget-container\">\n\t\t\t\t\t\t\t\t\t\t\t\t\t\t\t<img decoding=\"async\" src=\"https:\/\/upload.wikimedia.org\/wikipedia\/commons\/thumb\/4\/49\/Flag_of_Ukraine.svg\/255px-Flag_of_Ukraine.svg.png\" title=\"\" alt=\"\" loading=\"lazy\" \/>\t\t\t\t\t\t\t\t\t\t\t\t\t\t\t<\/div>\n\t\t\t\t<\/div>\n\t\t\t\t<div class=\"elementor-element elementor-element-3f34d47 elementor-widget elementor-widget-text-editor\" data-id=\"3f34d47\" data-element_type=\"widget\" data-e-type=\"widget\" data-widget_type=\"text-editor.default\">\n\t\t\t\t<div class=\"elementor-widget-container\">\n\t\t\t\t\t\t\t\t\t<p>#SeCom a Ucr\u00e2nia<\/p>\t\t\t\t\t\t\t\t<\/div>\n\t\t\t\t<\/div>\n\t\t\t\t<\/div>\n\t\t\t\t<div class=\"elementor-element elementor-element-ac06562 elementor-widget elementor-widget-text-editor\" data-id=\"ac06562\" data-element_type=\"widget\" data-e-type=\"widget\" data-widget_type=\"text-editor.default\">\n\t\t\t\t<div class=\"elementor-widget-container\">\n\t\t\t\t\t\t\t\t\t<p>Declara\u00e7\u00e3o de Apoio \u00e0 Ucr\u00e2nia.<\/p><p>\u00a0<\/p><p>Na Altegio, acreditamos no poder da tecnologia para unir as pessoas, ampliar oportunidades e liberdade em todo o mundo.<\/p><p>\u00a0<\/p><p>Condenamos a agress\u00e3o, e nossos cora\u00e7\u00f5es est\u00e3o com o povo ucraniano, com os empreendedores e com todos os afetados por esta guerra, incluindo nossos colegas e suas fam\u00edlias que trabalham no grupo de empresas Altegio em territ\u00f3rio ucraniano.<\/p><p>\u00a0<\/p><p>Como uma empresa de desenvolvimento de software comprometida com a inova\u00e7\u00e3o e o progresso, estamos tomando medidas concretas para apoiar a Ucr\u00e2nia:\u00a0<\/p>\t\t\t\t\t\t\t\t<\/div>\n\t\t\t\t<\/div>\n\t\t\t\t<div class=\"elementor-element elementor-element-d11b875 elementor-widget elementor-widget-text-editor\" data-id=\"d11b875\" data-element_type=\"widget\" data-e-type=\"widget\" data-widget_type=\"text-editor.default\">\n\t\t\t\t<div class=\"elementor-widget-container\">\n\t\t\t\t\t\t\t\t\t<p>\u00a01. Em conformidade com as san\u00e7\u00f5es globais, o software da Altegio n\u00e3o est\u00e1 dispon\u00edvel em pa\u00edses que apoiam ou facilitam a agress\u00e3o.<\/p><p>\u00a0<\/p><p>\u00a02. A Altegio lan\u00e7ou iniciativas de acesso gratuito ao nosso software para todos os empreendedores ucranianos durante o per\u00edodo de maior incerteza em 2022.<\/p><p>\u00a0<\/p><p>\u00a03. Compreendendo o papel crucial da tecnologia, damos especial aten\u00e7\u00e3o \u00e0 seguran\u00e7a dos dados de nossos clientes ucranianos, limitando o acesso para os funcion\u00e1rios do grupo Altegio que n\u00e3o trabalham com clientes em territ\u00f3rio ucraniano.<\/p><p>\u00a0<\/p><p>\u00a04. A Altegio n\u00e3o trabalha com fornecedores, parceiros e prestadores de servi\u00e7os que operam na R\u00fassia e na Bielorr\u00fassia.<\/p><p>\u00a0<\/p><p>\u00a05. A Altegio n\u00e3o contrata funcion\u00e1rios que continuam a viver e trabalhar em territ\u00f3rio russo ou bielorrusso.<\/p>\t\t\t\t\t\t\t\t<\/div>\n\t\t\t\t<\/div>\n\t\t\t\t<div class=\"elementor-element elementor-element-f76d669 elementor-widget elementor-widget-text-editor\" data-id=\"f76d669\" data-element_type=\"widget\" data-e-type=\"widget\" data-widget_type=\"text-editor.default\">\n\t\t\t\t<div class=\"elementor-widget-container\">\n\t\t\t\t\t\t\t\t\t<p>Nosso compromisso com a Ucr\u00e2nia permanece inabal\u00e1vel. Defendemos a liberdade, a dignidade humana e a paz. Continuaremos a usar nossos recursos e nossa plataforma para apoiar a Ucr\u00e2nia neste momento dif\u00edcil.<\/p>\t\t\t\t\t\t\t\t<\/div>\n\t\t\t\t<\/div>\n\t\t\t\t\t<\/div>\n\t\t\t\t<\/div>\n\t\t\t\t<\/div>","protected":false},"excerpt":{"rendered":"<p>#StandWithUkraine The statement of support for Ukraine. \u00a0 At Altegio, we believe in the power of technology to unite people, expand opportunities, and promote freedom around the world. \u00a0 We condemn the aggression, and our hearts are with the Ukrainian people, entrepreneurs, and all those affected by this war, including our colleagues and their families [&hellip;]<\/p>\n","protected":false},"author":3,"featured_media":0,"parent":0,"menu_order":0,"comment_status":"closed","ping_status":"closed","template":"","meta":{"_monsterinsights_skip_tracking":false,"_monsterinsights_sitenote_active":false,"_monsterinsights_sitenote_note":"","_monsterinsights_sitenote_category":0,"footnotes":""},"class_list":["post-8238","page","type-page","status-publish","hentry"],"aioseo_notices":[],"_links":{"self":[{"href":"https:\/\/promo.altegio.cloud\/pt\/wp-json\/wp\/v2\/pages\/8238","targetHints":{"allow":["GET"]}}],"collection":[{"href":"https:\/\/promo.altegio.cloud\/pt\/wp-json\/wp\/v2\/pages"}],"about":[{"href":"https:\/\/promo.altegio.cloud\/pt\/wp-json\/wp\/v2\/types\/page"}],"author":[{"embeddable":true,"href":"https:\/\/promo.altegio.cloud\/pt\/wp-json\/wp\/v2\/users\/3"}],"replies":[{"embeddable":true,"href":"https:\/\/promo.altegio.cloud\/pt\/wp-json\/wp\/v2\/comments?post=8238"}],"version-history":[{"count":37,"href":"https:\/\/promo.altegio.cloud\/pt\/wp-json\/wp\/v2\/pages\/8238\/revisions"}],"predecessor-version":[{"id":8326,"href":"https:\/\/promo.altegio.cloud\/pt\/wp-json\/wp\/v2\/pages\/8238\/revisions\/8326"}],"wp:attachment":[{"href":"https:\/\/promo.altegio.cloud\/pt\/wp-json\/wp\/v2\/media?parent=8238"}],"curies":[{"name":"wp","href":"https:\/\/api.w.org\/{rel}","templated":true}]}}